{"id":11,"date":"2019-12-27T00:28:19","date_gmt":"2019-12-26T23:28:19","guid":{"rendered":"https:\/\/jakosc.wpit.umg.edu.pl\/?page_id=11"},"modified":"2024-02-12T13:00:51","modified_gmt":"2024-02-12T12:00:51","slug":"publikacje","status":"publish","type":"page","link":"https:\/\/jakosc.wznj.umg.edu.pl\/archive\/2022\/index.php\/publikacje\/","title":{"rendered":"Publikacje"},"content":{"rendered":"<p>Monografia naukowa &#8222;The role of commodity science in quality management in a knowledge-based economy&#8221; (wszystkie tomy) zosta\u0142a dofinansowana ze \u015brodk\u00f3w Ministerstwa Edukacji i Nauki w ramach projektu pt. Doskona\u0142a Nauka &#8211; Wsparcie Monografii Naukowych.<\/p>\n<p>&nbsp;<\/p>\n<table style=\"width: 100%; border-collapse: collapse; height: 100%;\">\n<tbody>\n<tr>\n<td style=\"width: 25%; padding: 15px;\"><a href=\"https:\/\/jakosc.wznj.umg.edu.pl\/wp-content\/uploads\/2023\/03\/Dmowski-Przemys\u0142aw-Innovations-vol.-1-1.pdf\"><br \/>\n<img loading=\"lazy\" decoding=\"async\" class=\"size-full wp-image-633 aligncenter\" src=\"https:\/\/jakosc.wznj.umg.edu.pl\/wp-content\/uploads\/2023\/03\/Dmowski-Przemys\u0142aw-Innovations-vol.-1-ok\u0142adka.jpg\" alt=\"\" width=\"1190\" height=\"1683\" data-wp-editing=\"1\" \/><br \/>\n<\/a><\/td>\n<td style=\"width: 25%; padding: 15px;\"><a href=\"https:\/\/jakosc.wznj.umg.edu.pl\/wp-content\/uploads\/2023\/03\/Newerli-Guz-Ecological-aspects.pdf\"><br \/>\n<img loading=\"lazy\" decoding=\"async\" class=\"aligncenter wp-image-635 size-full\" src=\"https:\/\/jakosc.wznj.umg.edu.pl\/wp-content\/uploads\/2023\/03\/Newerli-Guz-Ecological-aspects-ok\u0142adka.jpg\" alt=\"\" width=\"1190\" height=\"1683\" \/><br \/>\n<\/a><\/td>\n<td style=\"width: 25%; padding: 15px;\"><a href=\"https:\/\/jakosc.wznj.umg.edu.pl\/wp-content\/uploads\/2023\/03\/Palka-Agnieszka-Food-quality.pdf\"><br \/>\n<img loading=\"lazy\" decoding=\"async\" class=\"aligncenter wp-image-644 size-full\" src=\"https:\/\/jakosc.wznj.umg.edu.pl\/wp-content\/uploads\/2023\/03\/Palka-Agnieszka-Food-quality-ok\u0142adka.jpg\" alt=\"\" width=\"1190\" height=\"1683\" \/><br \/>\n<\/a><\/td>\n<td style=\"width: 25%; padding: 15px;\"><a href=\"https:\/\/jakosc.wznj.umg.edu.pl\/wp-content\/uploads\/2023\/03\/Palka-Agnieszka-Food-safety.pdf\"><br \/>\n<img loading=\"lazy\" decoding=\"async\" class=\"size-full wp-image-646 aligncenter\" src=\"https:\/\/jakosc.wznj.umg.edu.pl\/wp-content\/uploads\/2023\/03\/Palka-Agnieszka-Food-safety-ok\u0142adka.jpg\" alt=\"\" width=\"1190\" height=\"1683\" \/><br \/>\n<\/a><\/td>\n<\/tr>\n<tr>\n<td style=\"width: 25%; padding-left: 15px; padding-right: 15px;\"><a href=\"https:\/\/jakosc.wznj.umg.edu.pl\/wp-content\/uploads\/2023\/03\/Dmowski-Przemys\u0142aw-Innovations-vol.-1-1.pdf\"><br \/>\nDmowski Przemys\u0142aw Innovations vol. 1<br \/>\n<\/a><\/td>\n<td style=\"width: 25%; padding-left: 15px; padding-right: 15px;\"><a href=\"https:\/\/jakosc.wznj.umg.edu.pl\/wp-content\/uploads\/2023\/03\/Newerli-Guz-Ecological-aspects.pdf\"><br \/>\nNewerli-Guz Joanna Ecological aspects<br \/>\n<\/a><\/td>\n<td style=\"width: 25%; padding-left: 15px; padding-right: 15px;\"><a href=\"https:\/\/jakosc.wznj.umg.edu.pl\/wp-content\/uploads\/2023\/03\/Palka-Agnieszka-Food-quality.pdf\"><br \/>\nPalka Agnieszka Food\u00a0quality<br \/>\n<\/a><\/td>\n<td style=\"width: 25%; padding-left: 15px; padding-right: 15px;\"><a href=\"https:\/\/jakosc.wznj.umg.edu.pl\/wp-content\/uploads\/2023\/03\/Palka-Agnieszka-Food-safety.pdf\"><br \/>\nPalka Agnieszka Food\u00a0safety<br \/>\n<\/a><\/td>\n<\/tr>\n<tr style=\"height: 15px;\">\n<td style=\"width: 25%; height: 15px;\"><\/td>\n<td style=\"width: 25%; height: 15px;\"><\/td>\n<td style=\"width: 25%; height: 15px;\"><\/td>\n<td style=\"width: 25%; height: 15px;\"><\/td>\n<\/tr>\n<tr>\n<td style=\"width: 25%; padding: 15px;\"><a href=\"https:\/\/jakosc.wznj.umg.edu.pl\/wp-content\/uploads\/2023\/03\/Ruszkowska-Millena-Innovations-vol.-2.pdf\"><br \/>\n<img loading=\"lazy\" decoding=\"async\" class=\"size-full wp-image-648 aligncenter\" src=\"https:\/\/jakosc.wznj.umg.edu.pl\/wp-content\/uploads\/2023\/03\/Ruszkowska-Millena-Innovations-vol.-2-ok\u0142adka.jpg\" alt=\"\" width=\"1190\" height=\"1683\" \/><br \/>\n<\/a><\/td>\n<td style=\"width: 25%; padding: 15px;\"><a href=\"https:\/\/jakosc.wznj.umg.edu.pl\/wp-content\/uploads\/2023\/03\/Rybowska-Agnieszka-Food-quality-and-safety.pdf\"><br \/>\n<img loading=\"lazy\" decoding=\"async\" class=\"size-full wp-image-650 aligncenter\" src=\"https:\/\/jakosc.wznj.umg.edu.pl\/wp-content\/uploads\/2023\/03\/Rybowska-Agnieszka-Food-quality-and-safety-ok\u0142adka.jpg\" alt=\"\" width=\"1190\" height=\"1683\" \/><br \/>\n<\/a><\/td>\n<td style=\"width: 25%; padding: 15px;\"><a href=\"https:\/\/jakosc.wznj.umg.edu.pl\/wp-content\/uploads\/2023\/03\/Szel\u0105gowska-Rudzka-Management-in-commodity-vol.-2.pdf\"><br \/>\n<img loading=\"lazy\" decoding=\"async\" class=\"size-full wp-image-652 aligncenter\" src=\"https:\/\/jakosc.wznj.umg.edu.pl\/wp-content\/uploads\/2023\/03\/Szel\u0105gowska-Rudzka-Management-in-commodity-vol.-2-ok\u0142adka.jpg\" alt=\"\" width=\"1190\" height=\"1683\" \/><br \/>\n<\/a><\/td>\n<td style=\"width: 25%; padding: 15px;\"><a href=\"https:\/\/jakosc.wznj.umg.edu.pl\/wp-content\/uploads\/2023\/03\/Wilczy\u0144ska-Aleksandra-Management-in-commodity-vol.-1-1.pdf\"><br \/>\n<img loading=\"lazy\" decoding=\"async\" class=\"size-full wp-image-655 aligncenter\" src=\"https:\/\/jakosc.wznj.umg.edu.pl\/wp-content\/uploads\/2023\/03\/Wilczy\u0144ska-Aleksandra-ok\u0142adka.jpg\" alt=\"\" width=\"1190\" height=\"1683\" \/><br \/>\n<\/a><\/td>\n<\/tr>\n<tr>\n<td style=\"width: 25%; padding-left: 15px; padding-right: 15px;\"><a href=\"https:\/\/jakosc.wznj.umg.edu.pl\/wp-content\/uploads\/2023\/03\/Ruszkowska-Millena-Innovations-vol.-2.pdf\">Ruszkowska Millena Innovations\u00a0vol. 2<\/a><\/td>\n<td style=\"width: 25%; padding-left: 15px; padding-right: 15px;\"><a href=\"https:\/\/jakosc.wznj.umg.edu.pl\/wp-content\/uploads\/2023\/03\/Rybowska-Agnieszka-Food-quality-and-safety.pdf\">Rybowska Agnieszka Food\u00a0quality and safety<\/a><\/td>\n<td style=\"width: 25%; padding-left: 15px; padding-right: 15px;\"><a href=\"https:\/\/jakosc.wznj.umg.edu.pl\/wp-content\/uploads\/2023\/03\/Szel\u0105gowska-Rudzka-Management-in-commodity-vol.-2.pdf\">Szel\u0105gowska-Rudzka Katarzyna Management in\u00a0commodity vol. 2<\/a><\/td>\n<td style=\"width: 25%; padding-left: 15px; padding-right: 15px;\"><a href=\"https:\/\/jakosc.wznj.umg.edu.pl\/wp-content\/uploads\/2023\/03\/Wilczy\u0144ska-Aleksandra-Management-in-commodity-vol.-1-1.pdf\">Wilczy\u0144ska Aleksandra Management in\u00a0commodity vol. 1<\/a><\/td>\n<\/tr>\n<\/tbody>\n<\/table>\n","protected":false},"excerpt":{"rendered":"<p>Monografia naukowa &#8222;The role of commodity science in quality management in a knowledge-based economy&#8221; (wszystkie tomy) zosta\u0142a dofinansowana ze \u015brodk\u00f3w Ministerstwa Edukacji i Nauki w ramach projektu pt. Doskona\u0142a Nauka &#8211; Wsparcie Monografii Naukowych. &nbsp; Dmowski Przemys\u0142aw Innovations vol. 1 Newerli-Guz Joanna Ecological aspects Palka Agnieszka Food\u00a0quality Palka Agnieszka Food\u00a0safety Ruszkowska Millena Innovations\u00a0vol. 2 Rybowska&hellip;<\/p>\n","protected":false},"author":1,"featured_media":0,"parent":0,"menu_order":0,"comment_status":"closed","ping_status":"closed","template":"","meta":{"footnotes":""},"class_list":["post-11","page","type-page","status-publish","hentry"],"_links":{"self":[{"href":"https:\/\/jakosc.wznj.umg.edu.pl\/archive\/2022\/index.php\/wp-json\/wp\/v2\/pages\/11"}],"collection":[{"href":"https:\/\/jakosc.wznj.umg.edu.pl\/archive\/2022\/index.php\/wp-json\/wp\/v2\/pages"}],"about":[{"href":"https:\/\/jakosc.wznj.umg.edu.pl\/archive\/2022\/index.php\/wp-json\/wp\/v2\/types\/page"}],"author":[{"embeddable":true,"href":"https:\/\/jakosc.wznj.umg.edu.pl\/archive\/2022\/index.php\/wp-json\/wp\/v2\/users\/1"}],"replies":[{"embeddable":true,"href":"https:\/\/jakosc.wznj.umg.edu.pl\/archive\/2022\/index.php\/wp-json\/wp\/v2\/comments?post=11"}],"version-history":[{"count":81,"href":"https:\/\/jakosc.wznj.umg.edu.pl\/archive\/2022\/index.php\/wp-json\/wp\/v2\/pages\/11\/revisions"}],"predecessor-version":[{"id":713,"href":"https:\/\/jakosc.wznj.umg.edu.pl\/archive\/2022\/index.php\/wp-json\/wp\/v2\/pages\/11\/revisions\/713"}],"wp:attachment":[{"href":"https:\/\/jakosc.wznj.umg.edu.pl\/archive\/2022\/index.php\/wp-json\/wp\/v2\/media?parent=11"}],"curies":[{"name":"wp","href":"https:\/\/api.w.org\/{rel}","templated":true}]}}