{"id":47,"date":"2019-12-27T11:00:40","date_gmt":"2019-12-27T10:00:40","guid":{"rendered":"https:\/\/jakosc.wpit.umg.edu.pl\/?page_id=47"},"modified":"2022-07-07T12:09:25","modified_gmt":"2022-07-07T10:09:25","slug":"terminy-i-koszty","status":"publish","type":"page","link":"https:\/\/jakosc.wznj.umg.edu.pl\/archive\/2022\/index.php\/terminy-i-koszty\/","title":{"rendered":"Terminy i koszty"},"content":{"rendered":"<table style=\"width: 99.6743%;\" width=\"0\">\n<tbody>\n<tr>\n<td style=\"width: 20.2899%;\" width=\"93\"><strong>30.04.2022r.<\/strong><\/td>\n<td style=\"width: 203.483%;\" width=\"434\"><strong>Ostateczny termin zg\u0142oszenia udzia\u0142u w Konferencji i przesy\u0142ania streszcze\u0144 <\/strong>(formularz rejestracyjny: <a href=\"https:\/\/jakosc.wznj.umg.edu.pl\/index.php\/deklaracjauczestnictwa\/\">https:\/\/jakosc.wznj.umg.edu.pl\/index.php\/deklaracjauczestnictwa\/<\/a>)<strong>. <\/strong>Streszczenie artyku\u0142u w j\u0119zyku polskim lub angielskim nale\u017cy wys\u0142a\u0107 drog\u0105 mailow\u0105 na adres:<br \/>\nkonferencja.jakosc@wznj.umg.edu.pl<\/p>\n<p>&nbsp;<\/td>\n<\/tr>\n<tr>\n<td style=\"width: 20.2899%;\" width=\"93\"><strong>29.05.2022r.<\/strong><\/td>\n<td style=\"width: 203.483%;\" width=\"434\"><strong>Ostateczny termin nadsy\u0142ania gotowych artyku\u0142\u00f3w<\/strong><\/td>\n<\/tr>\n<tr>\n<td style=\"width: 20.2899%;\" width=\"93\"><strong>30.09.2022r.<\/strong><\/td>\n<td style=\"width: 203.483%;\" width=\"434\">&nbsp;<\/p>\n<p><strong>Wydruk monografii pokonferencyjnych. <\/strong>(recenzowane monografie naukowe opublikowane w wyd. z poz. I\u00a0 (80pkt. za monografi\u0119\/20 pkt. za rozdzia\u0142)<\/td>\n<\/tr>\n<\/tbody>\n<\/table>\n<p>&nbsp;<\/p>\n<table style=\"width: 58.7685%;\" width=\"538\">\n<tbody>\n<tr>\n<td style=\"width: 88.9045%;\" width=\"453\">Uczestnik (pe\u0142ny udzia\u0142)<\/td>\n<td style=\"text-align: right; width: 55.2863%;\" width=\"85\">1150 z\u0142<\/td>\n<\/tr>\n<tr>\n<td style=\"width: 88.9045%;\" width=\"453\">Uczestnik, cz\u0142onek PTT\/PTT\u017b (pe\u0142ny udzia\u0142)<\/td>\n<td style=\"text-align: right; width: 55.2863%;\" width=\"85\">1100 z\u0142<\/td>\n<\/tr>\n<tr>\n<td style=\"width: 88.9045%;\" width=\"453\">Uczestnik bez publikacji<\/td>\n<td style=\"text-align: right; width: 55.2863%;\" width=\"85\">900 z\u0142<\/td>\n<\/tr>\n<tr>\n<td style=\"width: 88.9045%;\" width=\"453\">Doktorant<\/td>\n<td style=\"text-align: right; width: 55.2863%;\" width=\"85\">900 z\u0142<\/td>\n<\/tr>\n<tr>\n<td style=\"width: 88.9045%;\" width=\"453\">Publikacja bez uczestnictwa<\/td>\n<td style=\"text-align: right; width: 55.2863%;\" width=\"85\">450 z\u0142<\/td>\n<\/tr>\n<tr>\n<td style=\"width: 88.9045%;\" width=\"453\">Osoba towarzysz\u0105ca na konferencji (uczestnictwo w obradach i wszystkich wydarzeniach w czasie konferencji)<\/td>\n<td style=\"text-align: right; width: 55.2863%;\" width=\"85\">900 z\u0142<\/td>\n<\/tr>\n<tr>\n<td style=\"width: 88.9045%;\" width=\"453\">Osoba towarzysz\u0105ca na kolacji Dar M\u0142odzie\u017cy<\/td>\n<td style=\"text-align: right; width: 55.2863%;\" width=\"85\">250 z\u0142<\/td>\n<\/tr>\n<tr>\n<td style=\"width: 88.9045%;\" width=\"453\">Osoba towarzysz\u0105ca w wycieczce do Gda\u0144ska<\/td>\n<td style=\"text-align: right; width: 55.2863%;\" width=\"85\">350 z\u0142<\/td>\n<\/tr>\n<\/tbody>\n<\/table>\n<p>&nbsp;<\/p>\n<p>&nbsp;<\/p>\n<p style=\"text-align: center;\">Oplata konferencyjna powinna by\u0107 wniesiona do <strong><u>31.07.2022r. <\/u><\/strong>na konto:<\/p>\n<p style=\"text-align: center;\"><strong>20 1140 1153 0000 2235 4300 1049<\/strong>,<\/p>\n<p style=\"text-align: center;\">Uniwersytet Morski w Gdyni, ul. Morska 81 \u2013 87, 81-225 Gdynia<br \/>\nz dopiskiem <strong>\u201eKonferencja Jako\u015b\u0107 2022\u201d<\/strong>, a tak\u017ce <strong>imi\u0119 i nazwisko uczestnika, afiliacja.<\/strong><\/p>\n<p>Op\u0142ata konferencyjna obejmuje udzia\u0142 w obradach, koszty organizacyjne, wy\u017cywienie, druk materia\u0142\u00f3w w monografii pokonferencyjnej oraz uroczyst\u0105 kolacj\u0119.<\/p>\n<p><span style=\"font-size: 8pt;\">Ka\u017cdy Uczestnik w ramach op\u0142aty mo\u017ce opublikowa\u0107 wy\u0142\u0105cznie jeden artyku\u0142 naukowy.<\/span><\/p>\n","protected":false},"excerpt":{"rendered":"<p>30.04.2022r. Ostateczny termin zg\u0142oszenia udzia\u0142u w Konferencji i przesy\u0142ania streszcze\u0144 (formularz rejestracyjny: https:\/\/jakosc.wznj.umg.edu.pl\/index.php\/deklaracjauczestnictwa\/). Streszczenie artyku\u0142u w j\u0119zyku polskim lub angielskim nale\u017cy wys\u0142a\u0107 drog\u0105 mailow\u0105 na adres: konferencja.jakosc@wznj.umg.edu.pl &nbsp; 29.05.2022r. Ostateczny termin nadsy\u0142ania gotowych artyku\u0142\u00f3w 30.09.2022r. &nbsp; Wydruk monografii pokonferencyjnych. (recenzowane monografie naukowe opublikowane w wyd. z poz. I\u00a0 (80pkt. za monografi\u0119\/20 pkt. za rozdzia\u0142) &nbsp;&hellip;<\/p>\n","protected":false},"author":1,"featured_media":0,"parent":0,"menu_order":0,"comment_status":"closed","ping_status":"closed","template":"","meta":{"footnotes":""},"class_list":["post-47","page","type-page","status-publish","hentry"],"_links":{"self":[{"href":"https:\/\/jakosc.wznj.umg.edu.pl\/archive\/2022\/index.php\/wp-json\/wp\/v2\/pages\/47"}],"collection":[{"href":"https:\/\/jakosc.wznj.umg.edu.pl\/archive\/2022\/index.php\/wp-json\/wp\/v2\/pages"}],"about":[{"href":"https:\/\/jakosc.wznj.umg.edu.pl\/archive\/2022\/index.php\/wp-json\/wp\/v2\/types\/page"}],"author":[{"embeddable":true,"href":"https:\/\/jakosc.wznj.umg.edu.pl\/archive\/2022\/index.php\/wp-json\/wp\/v2\/users\/1"}],"replies":[{"embeddable":true,"href":"https:\/\/jakosc.wznj.umg.edu.pl\/archive\/2022\/index.php\/wp-json\/wp\/v2\/comments?post=47"}],"version-history":[{"count":71,"href":"https:\/\/jakosc.wznj.umg.edu.pl\/archive\/2022\/index.php\/wp-json\/wp\/v2\/pages\/47\/revisions"}],"predecessor-version":[{"id":612,"href":"https:\/\/jakosc.wznj.umg.edu.pl\/archive\/2022\/index.php\/wp-json\/wp\/v2\/pages\/47\/revisions\/612"}],"wp:attachment":[{"href":"https:\/\/jakosc.wznj.umg.edu.pl\/archive\/2022\/index.php\/wp-json\/wp\/v2\/media?parent=47"}],"curies":[{"name":"wp","href":"https:\/\/api.w.org\/{rel}","templated":true}]}}