{"id":49,"date":"2019-12-27T11:00:49","date_gmt":"2019-12-27T10:00:49","guid":{"rendered":"https:\/\/jakosc.wpit.umg.edu.pl\/?page_id=49"},"modified":"2022-05-09T12:55:53","modified_gmt":"2022-05-09T10:55:53","slug":"komitety-i-kontakt","status":"publish","type":"page","link":"https:\/\/jakosc.wznj.umg.edu.pl\/archive\/2022\/index.php\/komitety-i-kontakt\/","title":{"rendered":"Komitety i kontakt"},"content":{"rendered":"<h4><span style=\"font-size: 18pt;\">KOMITET HONOROWY<\/span><\/h4>\n<ul>\n<li><u>Prof. dr hab. in\u017c. Piotr Przyby\u0142owski, UM Gdynia &#8211; przewodnicz<\/u>\u0105cy<\/li>\n<li>Prof. dr hab. Tadeusz Borys, UE Wroc\u0142aw<\/li>\n<li>Prof. dr hab. in\u017c. Ryszard Cierpiszewski, UE Pozna\u0144<\/li>\n<li>Prof. UEK dr hab. in\u017c. Andrzej Choch\u00f3\u0142, UE Krak\u00f3w<\/li>\n<li>Prof. dr hab. Zenon Foltynowicz, UE Pozna\u0144<\/li>\n<li>Prof. dr hab. Jan Jasiczak, UE Pozna\u0144<\/li>\n<li>Prof. Marta Karkalikova<u>,<\/u> UE Bratys\u0142awa, S\u0142owacja<\/li>\n<li>Prof. dr hab. W\u0142adys\u0142aw K\u0119dzior, UE Krak\u00f3w<\/li>\n<li>Prof. zw. dr hab. Andrzej Korzeniowski, WSL Pozna\u0144<\/li>\n<li>Prof. dr hab. in\u017c. Stanis\u0142aw Popek, UE Krak\u00f3w<\/li>\n<li>Prof. dr hab. Tadeusz Sikora, UE Krak\u00f3w<\/li>\n<li>Prof. dr hab. El\u017cbieta Skrzypek UMCS Lublin<\/li>\n<li>Prof. dr hab. Stefan Smoczy\u0144ski, UWM Olsztyn<\/li>\n<li>Prof. dr hab. Henryk Szymusiak, UE Pozna\u0144<\/li>\n<li>Prof. dr hab. Maria \u015amiechowska, UM Gdynia<\/li>\n<li>Prof. dr hab. Ma\u0142gorzata Wi\u015bniewska, UG Gda\u0144sk<\/li>\n<li>Prof. dr hab. in\u017c. Ryszard Zieli\u0144ski, UE Pozna\u0144<\/li>\n<li>Prof. dr hab. in\u017c. Jerzy \u017buchowski, UTH Radom<\/li>\n<li>Prof. dr hab. in\u017c. Ryszard \u017bywica, UWM Olsztyn<\/li>\n<\/ul>\n<p>&nbsp;<\/p>\n<h4><span style=\"font-size: 18pt;\">KOMITET NAUKOWY<\/span><\/h4>\n<ul>\n<li><u>Dr hab. in\u017c. Aleksandra Wilczy\u0144ska prof. UM Gdynia &#8211; przewodnicz\u0105ca<\/u><\/li>\n<li>Prof. dr hab. in\u017c. Alina Matuszak-Flejszman, UE Pozna\u0144<\/li>\n<li>Prof. dr hab. in\u017c. Ma\u0142gorzata Krzywonos, UE Wroc\u0142aw<\/li>\n<li>Prof. dr hab. in\u017c. Anna J. Keutgen, BOKU Wiede\u0144<\/li>\n<li>Prof. Ivona Vrdoljak Raguz, Univ. of Dubrovnic<\/li>\n<li>Prof. dr hab. Ewa Sikorska, UE Pozna\u0144<\/li>\n<li>Prof. dr hab. in\u017c. Tomasz Wasilewski \u2013 UTH Radom<\/li>\n<li>Dr hab. in\u017c. Katarzyna Banach, prof. UWM Olsztyn<\/li>\n<li>Dr hab. in\u017c. Joanna Brzeska, prof. UM Gdynia<\/li>\n<li>Dr hab. in\u017c. Przemys\u0142aw Dmowski, prof. UM Gdynia<\/li>\n<li>Dr hab. in\u017c. Piotr Grudowski, prof. PG<\/li>\n<li>Dr hab. in\u017c. Micha\u0142 Halagarda, prof. UEK<\/li>\n<li>Dr hab. Anita Bocho Janiszewska, prof. UTH<\/li>\n<li>Doc. dr. ing. Ma\u0142gorzata Jarossova, Obchodna Faculta, Uniwersytet Ekonomiczny w Bratys\u0142awie<\/li>\n<li>Dr. Taras Karavayev, Professor of Commodity Science and Customs Affairs Department, Kyiv National University of Trade and Economics<\/li>\n<li>Dr hab. Joanna Kizielewicz ,prof. UM Gdynia<\/li>\n<li>Doc. ing., PhD., \u013dubica Kno\u0161kov\u00e1, Uniwersytet Ekonomiczny w Bratys\u0142awie<\/li>\n<li>Dr hab. in\u017c. Ma\u0142gorzata Koszewska, prof. P\u0141<\/li>\n<li>Dr hab. in\u017c. Wanda Kude\u0142ka, prof. UE Krak\u00f3w<\/li>\n<li>Dr hab. Ma\u0142gorzata Lotko, prof. UTH Radom<\/li>\n<li>Prof.ssa \u00a0Maria Claudia Lucchetti, Dipartimento di Economia Aziendale, Roma Tre University<\/li>\n<li>Dr hab. in\u017c. Aneta Ocieczek, prof. UM Gdynia<\/li>\n<li>Prof. univ. dr. Rodica Pamfilie, Faculty of Business and Tourism,\u00a0Bucharest University of Economic Studies<\/li>\n<li>Assoc. Professor,\u00a0PhD, Sabka Pashova, Head of\u00a0 Commodity Science Department, University of Economics-Varna<\/li>\n<li>Dr hab. in\u017c. Marzenna Popek, prof. UM Gdynia<\/li>\n<li>Prof. Natalia Pritulska, Kyiv National University of Trade and Economics<\/li>\n<li>Dr hab. in\u017c. Millena Ruszkowska, prof. UM Gdynia<\/li>\n<li>Dr hab. in\u017c. Agnieszka Rybowska, prof. UM Gdynia<\/li>\n<li>Dr hab. in\u017c. Renata Salerno-Kochan, prof. UE Krak\u00f3w<\/li>\n<li>Dr hab. in\u017c. Magdalena Skotnicka, UM Gda\u0144sk<\/li>\n<\/ul>\n<p>&nbsp;<\/p>\n<h4><span style=\"font-size: 18pt;\">KOMITET ORGANIZACYJNY<\/span><\/h4>\n<ul>\n<li><u>Dr in\u017c. Agnieszka Palka\u00a0 &#8211; przewodnicz\u0105ca<\/u><\/li>\n<li>Dr in\u017c. Natalia \u017bak &#8211; zast\u0119pca przewodnicz\u0105cej<\/li>\n<li>Dr in\u017c. Beata Borkowska &#8211; sekretarz<\/li>\n<li>Dr in\u017c. Joanna Newerli-Guz &#8211; cz\u0142onek<\/li>\n<li>Dr in\u017c. Anita Kuku\u0142owicz &#8211; cz\u0142onek<\/li>\n<li>Dr in\u017c. Anna Platta &#8211; cz\u0142onek<\/li>\n<li>Mgr in\u017c. Anna Talaga \u2013 cz\u0142onek<\/li>\n<li>Dr in\u017c. Joanna Wierzowiecka &#8211; cz\u0142onek<\/li>\n<li>Mgr in\u017c. Paulina Witt &#8211; cz\u0142onek<\/li>\n<li>Dr hab. in\u017c. Przemys\u0142aw Dmowski, prof. UMG &#8211; cz\u0142onek<\/li>\n<li>Mgr in\u017c. Mariusz Schmidt &#8211; cz\u0142onek<\/li>\n<\/ul>\n<p>&nbsp;<\/p>\n<p><u>\u00a0<\/u><\/p>\n<h4><span style=\"font-size: 18pt;\">KONTAKT<\/span><\/h4>\n<p><strong>dr in\u017c. Agnieszka Palka<\/strong> \u2013 tel. 58 5586 282, 608 407 707<\/p>\n<p><strong>dr in\u017c. Natalia \u017bak<\/strong> \u2013 tel. 58 5586 295, 792 029 810<\/p>\n<p>Uniwersytet Morski w Gdyni<br \/>\nWydzia\u0142 Zarz\u0105dzania i Nauk o Jako\u015bci<br \/>\nKatedra Zarz\u0105dzania Jako\u015bci\u0105<br \/>\nul. Morska 81-87, 81-225 Gdynia<\/p>\n<p><strong>e-mail:<\/strong> konferencja.jakosc@wznj.umg.edu.pl<\/p>\n","protected":false},"excerpt":{"rendered":"<p>KOMITET HONOROWY Prof. dr hab. in\u017c. Piotr Przyby\u0142owski, UM Gdynia &#8211; przewodnicz\u0105cy Prof. dr hab. Tadeusz Borys, UE Wroc\u0142aw Prof. dr hab. in\u017c. Ryszard Cierpiszewski, UE Pozna\u0144 Prof. UEK dr hab. in\u017c. Andrzej Choch\u00f3\u0142, UE Krak\u00f3w Prof. dr hab. Zenon Foltynowicz, UE Pozna\u0144 Prof. dr hab. Jan Jasiczak, UE Pozna\u0144 Prof. Marta Karkalikova, UE Bratys\u0142awa,&hellip;<\/p>\n","protected":false},"author":1,"featured_media":0,"parent":0,"menu_order":0,"comment_status":"closed","ping_status":"closed","template":"","meta":{"footnotes":""},"class_list":["post-49","page","type-page","status-publish","hentry"],"_links":{"self":[{"href":"https:\/\/jakosc.wznj.umg.edu.pl\/archive\/2022\/index.php\/wp-json\/wp\/v2\/pages\/49"}],"collection":[{"href":"https:\/\/jakosc.wznj.umg.edu.pl\/archive\/2022\/index.php\/wp-json\/wp\/v2\/pages"}],"about":[{"href":"https:\/\/jakosc.wznj.umg.edu.pl\/archive\/2022\/index.php\/wp-json\/wp\/v2\/types\/page"}],"author":[{"embeddable":true,"href":"https:\/\/jakosc.wznj.umg.edu.pl\/archive\/2022\/index.php\/wp-json\/wp\/v2\/users\/1"}],"replies":[{"embeddable":true,"href":"https:\/\/jakosc.wznj.umg.edu.pl\/archive\/2022\/index.php\/wp-json\/wp\/v2\/comments?post=49"}],"version-history":[{"count":41,"href":"https:\/\/jakosc.wznj.umg.edu.pl\/archive\/2022\/index.php\/wp-json\/wp\/v2\/pages\/49\/revisions"}],"predecessor-version":[{"id":583,"href":"https:\/\/jakosc.wznj.umg.edu.pl\/archive\/2022\/index.php\/wp-json\/wp\/v2\/pages\/49\/revisions\/583"}],"wp:attachment":[{"href":"https:\/\/jakosc.wznj.umg.edu.pl\/archive\/2022\/index.php\/wp-json\/wp\/v2\/media?parent=49"}],"curies":[{"name":"wp","href":"https:\/\/api.w.org\/{rel}","templated":true}]}}