{"id":494,"date":"2022-02-21T11:01:16","date_gmt":"2022-02-21T10:01:16","guid":{"rendered":"https:\/\/jakosc.wznj.umg.edu.pl\/?page_id=494"},"modified":"2022-02-21T11:01:16","modified_gmt":"2022-02-21T10:01:16","slug":"dla-sponsorow","status":"publish","type":"page","link":"https:\/\/jakosc.wznj.umg.edu.pl\/archive\/2022\/index.php\/dla-sponsorow\/","title":{"rendered":"Dla sponsor\u00f3w"},"content":{"rendered":"<p><strong>Oferta dla sponsor\u00f3w:<\/strong><\/p>\n<p><strong>Sponsor strategiczny (4000 PLN + VAT):<\/strong><\/p>\n<ul>\n<li>logo Sponsora umieszczone na materia\u0142ach konferencyjnych i stronie konferencji z mo\u017cliwo\u015bci\u0105 przekierowania na stron\u0119 internetow\u0105 Sponsora z g\u0142\u00f3wnej strony internetowej konferencji,<\/li>\n<li>mo\u017cliwo\u015b\u0107 wy\u015bwietlenia logo Sponsora w przerwach mi\u0119dzy wyk\u0142adami,<\/li>\n<li>wyst\u0105pienie promocyjne Sponsora (ok. 10 minut),<\/li>\n<li>udzia\u0142 w konferencji i spotkaniach towarzysz\u0105cych dla 1 osoby z ramienia Sponsora,<\/li>\n<\/ul>\n<p><strong>Sponsor (2 500 PLN + VAT)<\/strong><\/p>\n<ul>\n<li>logo Sponsora umieszczone w materia\u0142ach konferencyjnych i stronie konferencji,<\/li>\n<li>wyst\u0105pienie promocyjne Sponsora (ok. 10 minut),<\/li>\n<\/ul>\n<p><strong>Inne formy sponsorowania:<\/strong><\/p>\n<ul>\n<li>przekazanie dowolnej kwoty pieni\u0119\u017cnej wydatkowanej przez organizator\u00f3w,<\/li>\n<\/ul>\n<p>bezgot\u00f3wkowa forma dofinansowania uzgodniona bezpo\u015brednio z organizatorem &#8211; Produkty reklamowe &#8211; pr\u00f3bki<\/p>\n<p><strong>Oferta dla wystawc\u00f3w:<\/strong><\/p>\n<p><strong>Propozycja pe\u0142na (4500 PLN + VAT):<\/strong><\/p>\n<ul>\n<li>logo Wystawcy umieszczone na stronie konferencji i materia\u0142ach konferencyjnych,<\/li>\n<li>dost\u0119p do stanowiska wystawienniczego wyposa\u017conego w st\u00f3\u0142 i 2 krzes\u0142a przez ca\u0142y czas trwania konferencji (3 dni),<\/li>\n<li>wyst\u0105pienie promocyjne Wystawcy (do 10 minut),<\/li>\n<li>udzia\u0142 w konferencji i spotkaniach towarzysz\u0105cych dla 1 osoby z ramienia Wystawcy,<\/li>\n<\/ul>\n<p><strong>Propozycja\u00a0 podstawowa (2 500 PLN + VAT)<\/strong><\/p>\n<ul>\n<li>logo Wystawcy umieszczone na stronie konferencji i materia\u0142ach konferencyjnych,<\/li>\n<li>dost\u0119p do stanowiska wystawienniczego wyposa\u017conego w st\u00f3\u0142 i 2 krzes\u0142a przez 1 dzie\u0144 konferencji (wybrany przez wystawc\u0119).<\/li>\n<\/ul>\n<p>&nbsp;<\/p>\n","protected":false},"excerpt":{"rendered":"<p>Oferta dla sponsor\u00f3w: Sponsor strategiczny (4000 PLN + VAT): logo Sponsora umieszczone na materia\u0142ach konferencyjnych i stronie konferencji z mo\u017cliwo\u015bci\u0105 przekierowania na stron\u0119 internetow\u0105 Sponsora z g\u0142\u00f3wnej strony internetowej konferencji, mo\u017cliwo\u015b\u0107 wy\u015bwietlenia logo Sponsora w przerwach mi\u0119dzy wyk\u0142adami, wyst\u0105pienie promocyjne Sponsora (ok. 10 minut), udzia\u0142 w konferencji i spotkaniach towarzysz\u0105cych dla 1 osoby z ramienia&hellip;<\/p>\n","protected":false},"author":1,"featured_media":0,"parent":0,"menu_order":0,"comment_status":"closed","ping_status":"closed","template":"","meta":{"footnotes":""},"class_list":["post-494","page","type-page","status-publish","hentry"],"_links":{"self":[{"href":"https:\/\/jakosc.wznj.umg.edu.pl\/archive\/2022\/index.php\/wp-json\/wp\/v2\/pages\/494"}],"collection":[{"href":"https:\/\/jakosc.wznj.umg.edu.pl\/archive\/2022\/index.php\/wp-json\/wp\/v2\/pages"}],"about":[{"href":"https:\/\/jakosc.wznj.umg.edu.pl\/archive\/2022\/index.php\/wp-json\/wp\/v2\/types\/page"}],"author":[{"embeddable":true,"href":"https:\/\/jakosc.wznj.umg.edu.pl\/archive\/2022\/index.php\/wp-json\/wp\/v2\/users\/1"}],"replies":[{"embeddable":true,"href":"https:\/\/jakosc.wznj.umg.edu.pl\/archive\/2022\/index.php\/wp-json\/wp\/v2\/comments?post=494"}],"version-history":[{"count":1,"href":"https:\/\/jakosc.wznj.umg.edu.pl\/archive\/2022\/index.php\/wp-json\/wp\/v2\/pages\/494\/revisions"}],"predecessor-version":[{"id":495,"href":"https:\/\/jakosc.wznj.umg.edu.pl\/archive\/2022\/index.php\/wp-json\/wp\/v2\/pages\/494\/revisions\/495"}],"wp:attachment":[{"href":"https:\/\/jakosc.wznj.umg.edu.pl\/archive\/2022\/index.php\/wp-json\/wp\/v2\/media?parent=494"}],"curies":[{"name":"wp","href":"https:\/\/api.w.org\/{rel}","templated":true}]}}