{"id":51,"date":"2019-12-27T11:00:57","date_gmt":"2019-12-27T10:00:57","guid":{"rendered":"https:\/\/jakosc.wpit.umg.edu.pl\/?page_id=51"},"modified":"2022-07-07T11:43:24","modified_gmt":"2022-07-07T09:43:24","slug":"zakwaterowanie","status":"publish","type":"page","link":"https:\/\/jakosc.wznj.umg.edu.pl\/archive\/2022\/index.php\/zakwaterowanie\/","title":{"rendered":"Zakwaterowanie"},"content":{"rendered":"<p><strong>HOTEL ANTARES<\/strong>\u00a0oferuje 20 % rabatu na pobyty uczestnik\u00f3w konferencji w terminie 06-09.09.2022 w przypadku rezerwacji dokonanych do dnia 30 czerwca.<\/p>\n<p>&nbsp;<\/p>\n<p>Rezerwacje dokonane od 1 lipca 2022 roku na termin 06-09.09.2022 r. otrzymaj\u0105 10% rabatu.<\/p>\n<p>Poni\u017cej w tabeli zamieszczono ceny, kt\u00f3re obowi\u0105zuj\u0105 po zastosowaniu rabat\u00f3w za pobyt ze \u015bniadaniem.<\/p>\n<p>&nbsp;<\/p>\n<p><u>Nie obowi\u0105zuje przedp\u0142ata, rozliczenia mo\u017cna dokona\u0107 podczas zameldowania.<\/u><\/p>\n<p>&nbsp;<\/p>\n<table width=\"593\">\n<tbody>\n<tr>\n<td width=\"345\"><strong>\u00a0<\/strong><\/td>\n<td width=\"123\"><strong>cena brutto<br \/>\n&#8211; 20%<\/strong><\/td>\n<td width=\"125\"><strong>cena brutto<br \/>\n&#8211; 10%<\/strong><\/td>\n<\/tr>\n<tr>\n<td><strong>pok\u00f3j 1 osobowy standard<\/strong><\/td>\n<td>271,00<\/td>\n<td>305,00<\/td>\n<\/tr>\n<tr>\n<td><strong>pok\u00f3j 2 osobowy standard<\/strong><\/td>\n<td>295,00<\/td>\n<td>332,00<\/td>\n<\/tr>\n<tr>\n<td><strong>pok\u00f3j 1 osobowy deluxe<\/strong><\/td>\n<td>335,00<\/td>\n<td>349,00<\/td>\n<\/tr>\n<tr>\n<td><strong>pok\u00f3j 2 osobowy deluxe<\/strong><\/td>\n<td>359,00<\/td>\n<td>382,00<\/td>\n<\/tr>\n<\/tbody>\n<\/table>\n<p>&nbsp;<\/p>\n<p>Rezerwacje s\u0105 mo\u017cliwe telefonicznie w recepcji, jak r\u00f3wnie\u017c na stronie internetowej hotelu \u00a0<a href=\"http:\/\/www.hotelantares.pl\/\">www.hotelantares.pl<\/a>.<\/p>\n<p>Na stronie g\u0142\u00f3wnej wystarczy wybra\u0107\u00a0interesuj\u0105cy termin oraz wpisa\u0107 kod: UMG lub 2022, aby wy\u015bwietli\u0107 rodzaje pokoi w ofercie skierowanej specjalnie dla uczestnik\u00f3w konferencji z naliczonym rabatem. UWAGA:\u00a0<u>oferta jest niewidoczna bez u\u017cycia kodu!<\/u><\/p>\n<p>&nbsp;<\/p>\n<p>&nbsp;<\/p>\n<p>&nbsp;<\/p>\n","protected":false},"excerpt":{"rendered":"<p>HOTEL ANTARES\u00a0oferuje 20 % rabatu na pobyty uczestnik\u00f3w konferencji w terminie 06-09.09.2022 w przypadku rezerwacji dokonanych do dnia 30 czerwca. &nbsp; Rezerwacje dokonane od 1 lipca 2022 roku na termin 06-09.09.2022 r. otrzymaj\u0105 10% rabatu. Poni\u017cej w tabeli zamieszczono ceny, kt\u00f3re obowi\u0105zuj\u0105 po zastosowaniu rabat\u00f3w za pobyt ze \u015bniadaniem. &nbsp; Nie obowi\u0105zuje przedp\u0142ata, rozliczenia mo\u017cna&hellip;<\/p>\n","protected":false},"author":1,"featured_media":0,"parent":0,"menu_order":0,"comment_status":"closed","ping_status":"closed","template":"","meta":{"footnotes":""},"class_list":["post-51","page","type-page","status-publish","hentry"],"_links":{"self":[{"href":"https:\/\/jakosc.wznj.umg.edu.pl\/archive\/2022\/index.php\/wp-json\/wp\/v2\/pages\/51"}],"collection":[{"href":"https:\/\/jakosc.wznj.umg.edu.pl\/archive\/2022\/index.php\/wp-json\/wp\/v2\/pages"}],"about":[{"href":"https:\/\/jakosc.wznj.umg.edu.pl\/archive\/2022\/index.php\/wp-json\/wp\/v2\/types\/page"}],"author":[{"embeddable":true,"href":"https:\/\/jakosc.wznj.umg.edu.pl\/archive\/2022\/index.php\/wp-json\/wp\/v2\/users\/1"}],"replies":[{"embeddable":true,"href":"https:\/\/jakosc.wznj.umg.edu.pl\/archive\/2022\/index.php\/wp-json\/wp\/v2\/comments?post=51"}],"version-history":[{"count":67,"href":"https:\/\/jakosc.wznj.umg.edu.pl\/archive\/2022\/index.php\/wp-json\/wp\/v2\/pages\/51\/revisions"}],"predecessor-version":[{"id":599,"href":"https:\/\/jakosc.wznj.umg.edu.pl\/archive\/2022\/index.php\/wp-json\/wp\/v2\/pages\/51\/revisions\/599"}],"wp:attachment":[{"href":"https:\/\/jakosc.wznj.umg.edu.pl\/archive\/2022\/index.php\/wp-json\/wp\/v2\/media?parent=51"}],"curies":[{"name":"wp","href":"https:\/\/api.w.org\/{rel}","templated":true}]}}