{"id":6,"date":"2019-12-27T00:23:03","date_gmt":"2019-12-26T23:23:03","guid":{"rendered":"https:\/\/jakosc.wpit.umg.edu.pl\/?page_id=6"},"modified":"2024-09-13T11:44:50","modified_gmt":"2024-09-13T09:44:50","slug":"home","status":"publish","type":"page","link":"https:\/\/jakosc.wznj.umg.edu.pl\/archive\/2022\/","title":{"rendered":"Strona g\u0142\u00f3wna"},"content":{"rendered":"<p style=\"text-align: left;\">Szanowni Pa\u0144stwo,<\/p>\n<p style=\"text-align: center;\">w imieniu Komitetu Naukowego i Organizacyjnego pragniemy zaprosi\u0107 Pa\u0144stwa do udzia\u0142u<br \/>\nw XI Mi\u0119dzynarodowej Konferencji z cyklu<\/p>\n<p style=\"text-align: center;\"><strong>Rola towaroznawstwa w zarz\u0105dzaniu jako\u015bci\u0105 w warunkach gospodarki opartej na wiedzy<\/strong><\/p>\n<p style=\"text-align: center;\">Konferencja odb\u0119dzie si\u0119 w dniach<b> 7-9 wrze\u015bnia 2022 roku <\/b>na Wydziale Zarz\u0105dzania i Nauk o Jako\u015bci Uniwersytetu Morskiego w Gdyni, jej tematem przewodnim b\u0119dzie<\/p>\n<p style=\"text-align: center;\"><strong>Zarz\u0105dzanie jako\u015bci\u0105 towar\u00f3w i us\u0142ug w aspekcie zr\u00f3wnowa\u017conego rozwoju<\/strong><\/p>\n<p>&nbsp;<\/p>\n<p>W programie znajd\u0105 si\u0119 nast\u0119puj\u0105ce obszary tematyczne:<\/p>\n<ul>\n<li>Rola innowacyjno\u015bci w kszta\u0142towaniu jako\u015bci wyrob\u00f3w i us\u0142ug,<\/li>\n<li>Towaroznawcze aspekty zarz\u0105dzania produktem i mark\u0105,<\/li>\n<li>Znaczenie spo\u0142ecznej odpowiedzialno\u015bci biznesu w innowacyjnym przedsi\u0119biorstwie,<\/li>\n<li>Bezpiecze\u0144stwo i kszta\u0142towanie jako\u015bci \u017cywno\u015bci,<\/li>\n<li>Ekologiczne i \u015brodowiskowe aspekty towaroznawstwa jako nauki o jako\u015bci,<\/li>\n<li>Znormalizowane i zintegrowane systemy zarz\u0105dzania w praktyce,<\/li>\n<li>Spo\u0142eczne i ekonomiczne aspekty zarz\u0105dzania w organizacjach.<\/li>\n<\/ul>\n<p>Liczymy, i\u017c Konferencja pozwoli na nieskr\u0119powan\u0105 wymian\u0119 do\u015bwiadcze\u0144 naukowych<br \/>\ni tym samym da jej uczestnikom szerokie mo\u017cliwo\u015bci rozwoju naukowego, poprzez liczne kontakty<br \/>\nz przedstawicielami innych o\u015brodk\u00f3w badawczych oraz wzajemn\u0105 inspiracj\u0119 uczestnik\u00f3w.<\/p>\n<p>Serdecznie zapraszamy do udzia\u0142u w tym wydarzeniu.<\/p>\n<p>&nbsp;<\/p>\n<p style=\"text-align: right;\">W imieniu Komitetu Organizacyjnego<br \/>\nPrzewodnicz\u0105ca,<br \/>\ndr in\u017c. Agnieszka Palka<\/p>\n","protected":false},"excerpt":{"rendered":"<p>Szanowni Pa\u0144stwo, w imieniu Komitetu Naukowego i Organizacyjnego pragniemy zaprosi\u0107 Pa\u0144stwa do udzia\u0142u w XI Mi\u0119dzynarodowej Konferencji z cyklu Rola towaroznawstwa w zarz\u0105dzaniu jako\u015bci\u0105 w warunkach gospodarki opartej na wiedzy Konferencja odb\u0119dzie si\u0119 w dniach 7-9 wrze\u015bnia 2022 roku na Wydziale Zarz\u0105dzania i Nauk o Jako\u015bci Uniwersytetu Morskiego w Gdyni, jej tematem przewodnim b\u0119dzie Zarz\u0105dzanie&hellip;<\/p>\n","protected":false},"author":1,"featured_media":0,"parent":0,"menu_order":0,"comment_status":"closed","ping_status":"closed","template":"","meta":{"footnotes":""},"class_list":["post-6","page","type-page","status-publish","hentry"],"_links":{"self":[{"href":"https:\/\/jakosc.wznj.umg.edu.pl\/archive\/2022\/index.php\/wp-json\/wp\/v2\/pages\/6"}],"collection":[{"href":"https:\/\/jakosc.wznj.umg.edu.pl\/archive\/2022\/index.php\/wp-json\/wp\/v2\/pages"}],"about":[{"href":"https:\/\/jakosc.wznj.umg.edu.pl\/archive\/2022\/index.php\/wp-json\/wp\/v2\/types\/page"}],"author":[{"embeddable":true,"href":"https:\/\/jakosc.wznj.umg.edu.pl\/archive\/2022\/index.php\/wp-json\/wp\/v2\/users\/1"}],"replies":[{"embeddable":true,"href":"https:\/\/jakosc.wznj.umg.edu.pl\/archive\/2022\/index.php\/wp-json\/wp\/v2\/comments?post=6"}],"version-history":[{"count":78,"href":"https:\/\/jakosc.wznj.umg.edu.pl\/archive\/2022\/index.php\/wp-json\/wp\/v2\/pages\/6\/revisions"}],"predecessor-version":[{"id":509,"href":"https:\/\/jakosc.wznj.umg.edu.pl\/archive\/2022\/index.php\/wp-json\/wp\/v2\/pages\/6\/revisions\/509"}],"wp:attachment":[{"href":"https:\/\/jakosc.wznj.umg.edu.pl\/archive\/2022\/index.php\/wp-json\/wp\/v2\/media?parent=6"}],"curies":[{"name":"wp","href":"https:\/\/api.w.org\/{rel}","templated":true}]}}