{"id":51,"date":"2019-12-27T11:00:57","date_gmt":"2019-12-27T10:00:57","guid":{"rendered":"https:\/\/jakosc.wpit.umg.edu.pl\/?page_id=51"},"modified":"2025-03-28T12:31:01","modified_gmt":"2025-03-28T11:31:01","slug":"zakwaterowanie","status":"publish","type":"page","link":"https:\/\/jakosc.wznj.umg.edu.pl\/index.php\/zakwaterowanie\/","title":{"rendered":"Zakwaterowanie"},"content":{"rendered":"<p><strong>I. <\/strong><\/p>\n<p><strong>HOTEL ANTARES<\/strong> znajduj\u0105cy si\u0119 1,2 km od Uniwersytetu Morskiego w Gdyni (15 min piechot\u0105) oferuje specjalny cennik dla naszych go\u015bci:<\/p>\n<table style=\"width: 45.853%; height: 212px;\" width=\"0\">\n<tbody>\n<tr style=\"height: 56px;\">\n<td style=\"width: 69.2798%; height: 56px;\" width=\"209\">\n<p style=\"text-align: center;\">\u00a0<strong>OFERTA ZE \u015aNIADANIEM\u00a0<\/strong><\/p>\n<\/td>\n<td style=\"width: 89.419%; height: 56px;\" width=\"137\">\n<p style=\"text-align: center;\"><strong>cena brutto za dob\u0119<\/strong><\/p>\n<\/td>\n<\/tr>\n<tr style=\"height: 56px;\">\n<td style=\"width: 69.2798%; height: 42px;\">pok\u00f3j jednoosobowy classic<\/td>\n<td style=\"width: 89.419%; height: 42px;\">\n<p style=\"text-align: center;\">329 z\u0142<\/p>\n<\/td>\n<\/tr>\n<tr style=\"height: 56px;\">\n<td style=\"width: 69.2798%; height: 39px;\">pok\u00f3j jednoosobowy deluxe<\/td>\n<td style=\"width: 89.419%; height: 39px;\">\n<p style=\"text-align: center;\">359 z\u0142<\/p>\n<\/td>\n<\/tr>\n<tr style=\"height: 56px;\">\n<td style=\"width: 69.2798%; height: 41px;\">pok\u00f3j dwuosobowy classic<\/td>\n<td style=\"width: 89.419%; height: 41px;\">\n<p style=\"text-align: center;\">389 z\u0142<\/p>\n<\/td>\n<\/tr>\n<tr style=\"height: 56px;\">\n<td style=\"width: 69.2798%; height: 34px;\">pok\u00f3j dwuosobowy deluxe<\/td>\n<td style=\"width: 89.419%; height: 34px;\">\n<p style=\"text-align: center;\">439 z\u0142<\/p>\n<\/td>\n<\/tr>\n<\/tbody>\n<\/table>\n<p>&nbsp;<\/p>\n<p>Podane ceny maj\u0105 zastosowanie wy\u0142\u0105cznie przy rezerwacjach telefonicznych i mailowych:<\/p>\n<ul>\n<li>telefonicznie \u2013 bezpo\u015brednio w recepcji hotelu \u2013 pod numerami +48 58 623 36 39, +48 697 076\u00a0606,<\/li>\n<li>mailowo \u2013 na adres <a href=\"mailto:info@hotelantares.pl\">info@hotelantares.pl<\/a><u>.<\/u><\/li>\n<\/ul>\n<p>By ceny mia\u0142y zastosowanie nale\u017cy powo\u0142a\u0107 si\u0119 na has\u0142o <strong>UMG25<\/strong>.<\/p>\n<p>&nbsp;<\/p>\n<p>&nbsp;<\/p>\n<p><strong>II. <\/strong><\/p>\n<p><strong>Centrum Sportu i Rekreacji Uniwersytetu Morskiego w Gdyni<\/strong> znajduj\u0105ce si\u0119 na kampusie Uniwersytetu Morskiego w Gdyni (1 min. piechot\u0105) oferuje specjalny cennik dla naszych go\u015bci:<\/p>\n<p>Oferta cenowa pokoi hotelowych dla Go\u015bci:<\/p>\n<ol>\n<li>Pokoje 1-osobowe w \u0142\u0105czonych kompleksach tj. wsp\u00f3lna \u0142azienka i kuchnia i przedpok\u00f3j dla dw\u00f3ch pokoi 1-osobowych. Jednostkowy koszt pokoju to 180 z\u0142 za dob\u0119 brutto.<\/li>\n<li>Jeden samodzielny pok\u00f3j (studio) dla 2-os\u00f3b- \u0142azienka i kuchnia do samodzielnego wykorzystania. Jednostkowy koszt pokoju to 325 z\u0142 za dob\u0119 brutto.<\/li>\n<li>Pokoje 2-osobowe w \u0142\u0105czonych kompleksach tj. wsp\u00f3lna kuchnia, \u0142azienka i przedpok\u00f3j dla dw\u00f3ch pokoi. Ka\u017cdy pok\u00f3j przygotowany dw\u00f3ch os\u00f3b. Jednostkowy koszt pokoju to 240 z\u0142 za dob\u0119 brutto.<\/li>\n<li>Pokoje 3-osobowe w \u0142\u0105czonych kompleksach tj. wsp\u00f3lna kuchnia, \u0142azienka i przedpok\u00f3j dla dw\u00f3ch pokoi. Ka\u017cdy pok\u00f3j przygotowany trzech os\u00f3b. Jednostkowy koszt pokoju to 360 z\u0142 za dob\u0119 brutto.<\/li>\n<\/ol>\n<p>Szczeg\u00f3\u0142owe informacje o CSiR w &#8222;Plikach do pobrania&#8221;.<\/p>\n<p>Podane ceny maj\u0105 zastosowanie wy\u0142\u0105cznie przy rezerwacjach telefonicznych i mailowych:<\/p>\n<ul>\n<li>telefonicznie \u2013 bezpo\u015brednio w recepcji hotelu \u2013 pod numerami +48 58 55 86 814, +48 573 128 842,<\/li>\n<li>mailowo\u00a0\u2013\u00a0na\u00a0adres\u00a0<a href=\"mailto:rezerwacje@csir.umg.edu.pl\">rezerwacje@csir.umg.edu.pl<\/a><\/li>\n<\/ul>\n<p>By\u00a0ceny\u00a0mia\u0142y\u00a0zastosowanie\u00a0nale\u017cy\u00a0powo\u0142a\u0107\u00a0si\u0119\u00a0na\u00a0has\u0142o\u00a0<strong>UMG25<\/strong>.<\/p>\n<p>Strona internetowa: <a href=\"http:\/\/www.csirum-gdynia.pl\">http:\/\/www.csirum-gdynia.pl<\/a><\/p>\n<p>&nbsp;<\/p>\n<p>&nbsp;<\/p>\n<p><strong>III.<\/strong><\/p>\n<p><strong>HOSTEL MA\u0141Y \u017bAGIEL <\/strong>(ul. S\u0119dzickiego 19, 81-374 Gdynia &#8211;\u00a0 Studencki Dom Marynarza nr 2) znajduje si\u0119 tu\u017c przy pla\u017cy, zaledwie 4,2 km od Uniwersytetu Morskiego.<\/p>\n<p>Na has\u0142o <strong>UMG2025<\/strong> otrzymaj\u0105 Pa\u0144stwo zni\u017ck\u0119 10% od cen z poni\u017cszej tabeli:<\/p>\n<table width=\"402\">\n<tbody>\n<tr>\n<td style=\"text-align: center;\" width=\"64\">Pok\u00f3j<\/td>\n<td style=\"text-align: center;\" width=\"175\">\u0141azienka<\/td>\n<td style=\"text-align: center;\" width=\"64\">ILO\u015a\u0106 OS\u00d3B<\/td>\n<td style=\"text-align: center;\" width=\"99\">Razem<\/td>\n<\/tr>\n<tr>\n<td style=\"text-align: center;\">325B<\/td>\n<td style=\"text-align: center;\">wsp\u00f3lna z II pokojem<\/td>\n<td style=\"text-align: center;\">1<\/td>\n<td style=\"text-align: center;\">350 z\u0142<\/td>\n<\/tr>\n<tr>\n<td style=\"text-align: center;\">301a<\/td>\n<td style=\"text-align: center;\">wsp\u00f3lna z II pokojem<\/td>\n<td style=\"text-align: center;\">2<\/td>\n<td style=\"text-align: center;\">420 z\u0142<\/td>\n<\/tr>\n<tr>\n<td style=\"text-align: center;\">304b<\/td>\n<td style=\"text-align: center;\">wsp\u00f3lna z II pokojem<\/td>\n<td style=\"text-align: center;\">2<\/td>\n<td style=\"text-align: center;\">390 z\u0142<\/td>\n<\/tr>\n<tr>\n<td style=\"text-align: center;\">308b<\/td>\n<td style=\"text-align: center;\">wsp\u00f3lna z II pokojem<\/td>\n<td style=\"text-align: center;\">2<\/td>\n<td style=\"text-align: center;\">390 z\u0142<\/td>\n<\/tr>\n<tr>\n<td style=\"text-align: center;\">401a<\/td>\n<td style=\"text-align: center;\">wsp\u00f3lna z II pokojem<\/td>\n<td style=\"text-align: center;\">2<\/td>\n<td style=\"text-align: center;\">420 z\u0142<\/td>\n<\/tr>\n<tr>\n<td style=\"text-align: center;\">603<\/td>\n<td style=\"text-align: center;\">na wy\u0142\u0105czno\u015b\u0107<\/td>\n<td style=\"text-align: center;\">2<\/td>\n<td style=\"text-align: center;\">500 z\u0142<\/td>\n<\/tr>\n<tr>\n<td style=\"text-align: center;\">419<\/td>\n<td style=\"text-align: center;\">na wy\u0142\u0105czno\u015b\u0107<\/td>\n<td style=\"text-align: center;\">2<\/td>\n<td style=\"text-align: center;\">630 z\u0142<\/td>\n<\/tr>\n<tr>\n<td style=\"text-align: center;\">703<\/td>\n<td style=\"text-align: center;\">na wy\u0142\u0105czno\u015b\u0107<\/td>\n<td style=\"text-align: center;\">2<\/td>\n<td style=\"text-align: center;\">500 z\u0142<\/td>\n<\/tr>\n<tr>\n<td style=\"text-align: center;\">301b<\/td>\n<td style=\"text-align: center;\">wsp\u00f3lna z II pokojem<\/td>\n<td style=\"text-align: center;\">3<\/td>\n<td style=\"text-align: center;\">480 z\u0142<\/td>\n<\/tr>\n<tr>\n<td style=\"text-align: center;\">304a<\/td>\n<td style=\"text-align: center;\">wsp\u00f3lna z II pokojem<\/td>\n<td style=\"text-align: center;\">3<\/td>\n<td style=\"text-align: center;\">450 z\u0142<\/td>\n<\/tr>\n<tr>\n<td style=\"text-align: center;\">308a<\/td>\n<td style=\"text-align: center;\">wsp\u00f3lna z II pokojem<\/td>\n<td style=\"text-align: center;\">3<\/td>\n<td style=\"text-align: center;\">450 z\u0142<\/td>\n<\/tr>\n<tr>\n<td style=\"text-align: center;\">401b<\/td>\n<td style=\"text-align: center;\">wsp\u00f3lna z II pokojem<\/td>\n<td style=\"text-align: center;\">3<\/td>\n<td style=\"text-align: center;\">480 z\u0142<\/td>\n<\/tr>\n<tr>\n<td style=\"text-align: center;\">706<\/td>\n<td style=\"text-align: center;\">na wy\u0142\u0105czno\u015b\u0107<\/td>\n<td style=\"text-align: center;\">3<\/td>\n<td style=\"text-align: center;\">500 z\u0142<\/td>\n<\/tr>\n<tr>\n<td style=\"text-align: center;\">803<\/td>\n<td style=\"text-align: center;\">na wy\u0142\u0105czno\u015b\u0107<\/td>\n<td style=\"text-align: center;\">4<\/td>\n<td style=\"text-align: center;\">680 z\u0142<\/td>\n<\/tr>\n<tr>\n<td style=\"text-align: center;\">417<\/td>\n<td style=\"text-align: center;\">na wy\u0142\u0105czno\u015b\u0107<\/td>\n<td style=\"text-align: center;\">4<\/td>\n<td style=\"text-align: center;\">680 z\u0142<\/td>\n<\/tr>\n<\/tbody>\n<\/table>\n<p>&nbsp;<\/p>\n<p>Tel. na recepcj\u0119: 668 114 307<\/p>\n<p>&nbsp;<\/p>\n<p>&nbsp;<\/p>\n<p><strong>IV.<\/strong><\/p>\n<p><strong>HOTEL HOTTON<\/strong> znajduj\u0105cy si\u0119 3,4 km od Uniwersytetu Morskiego w Gdyni (9 min autem) oferuje specjalny cennik dla naszych go\u015bci:<\/p>\n<ol>\n<li>Pok\u00f3j jednoosobowy : 419 z\u0142 brutto\/doba<\/li>\n<li>Pok\u00f3j dwuosobowy\/ Twin: 439 z\u0142 brutto\/doba<\/li>\n<\/ol>\n<p>\u015aniadanie w formie bufetu: 49 z\u0142\/osoba<br \/>\nRozpocz\u0119cie doby godz. 15:00<br \/>\nZako\u0144czenie doby godz. 11:00<br \/>\nParking na terenie hotelu 40 z\u0142 \/doba<\/p>\n<p>Warunki rezerwacji\/p\u0142atno\u015bci dla go\u015bci:<\/p>\n<ol>\n<li>Op\u0142ata 40% warto\u015bci rezerwacji w ci\u0105gu 7 dni od jej dokonania.<\/li>\n<li>Mo\u017cliwo\u015b\u0107 bezkosztowej anulacji i zwrotu zaliczki do dnia 25.05.25r., po tym terminie zaliczka nie podlega zwrotowi<\/li>\n<li>Op\u0142ata pozosta\u0142ej warto\u015bci rezerwacji do dnia 29.05.25r.<\/li>\n<li>W przypadku anulacji rezerwacji do dnia 02.06.25r. mo\u017cliwo\u015b\u0107 przeniesienia warto\u015bci rezerwacji na inny termin, uzgodniony z Recepcj\u0105 Hotelu.<\/li>\n<li>W przypadku anulacji rezerwacji od dnia 03.06.25r., warto\u015b\u0107 rezerwacji nie podlega zwrotowi ani przeniesieniu terminu.<\/li>\n<li>W przypadku braku dokonania op\u0142aty ca\u0142kowitej, Hotel zastrzega sobie prawo do anulacji rezerwacji.<\/li>\n<\/ol>\n<p>Podane ceny maj\u0105 zastosowanie wy\u0142\u0105cznie przy rezerwacjach telefonicznych i mailowych:<\/p>\n<ul>\n<li>telefonicznie \u2013 bezpo\u015brednio w recepcji hotelu \u2013 pod numerem (58) 760-58-00<\/li>\n<li>mailowo \u2013 na adres <a href=\"mailto:recepcja@hotton.pl\">recepcja@hotton.pl<\/a><\/li>\n<\/ul>\n<p>By ceny mia\u0142y zastosowanie nale\u017cy powo\u0142a\u0107 si\u0119 na has\u0142o <strong>UMG2025<\/strong>.<\/p>\n<p>&nbsp;<\/p>\n<p>&nbsp;<\/p>\n","protected":false},"excerpt":{"rendered":"<p>I. HOTEL ANTARES znajduj\u0105cy si\u0119 1,2 km od Uniwersytetu Morskiego w Gdyni (15 min piechot\u0105) oferuje specjalny cennik dla naszych go\u015bci: \u00a0OFERTA ZE \u015aNIADANIEM\u00a0 cena brutto za dob\u0119 pok\u00f3j jednoosobowy classic 329 z\u0142 pok\u00f3j jednoosobowy deluxe 359 z\u0142 pok\u00f3j dwuosobowy classic 389 z\u0142 pok\u00f3j dwuosobowy deluxe 439 z\u0142 &nbsp; Podane ceny maj\u0105 zastosowanie wy\u0142\u0105cznie przy&hellip;<\/p>\n","protected":false},"author":1,"featured_media":0,"parent":0,"menu_order":0,"comment_status":"closed","ping_status":"closed","template":"","meta":{"footnotes":""},"_links":{"self":[{"href":"https:\/\/jakosc.wznj.umg.edu.pl\/index.php\/wp-json\/wp\/v2\/pages\/51"}],"collection":[{"href":"https:\/\/jakosc.wznj.umg.edu.pl\/index.php\/wp-json\/wp\/v2\/pages"}],"about":[{"href":"https:\/\/jakosc.wznj.umg.edu.pl\/index.php\/wp-json\/wp\/v2\/types\/page"}],"author":[{"embeddable":true,"href":"https:\/\/jakosc.wznj.umg.edu.pl\/index.php\/wp-json\/wp\/v2\/users\/1"}],"replies":[{"embeddable":true,"href":"https:\/\/jakosc.wznj.umg.edu.pl\/index.php\/wp-json\/wp\/v2\/comments?post=51"}],"version-history":[{"count":84,"href":"https:\/\/jakosc.wznj.umg.edu.pl\/index.php\/wp-json\/wp\/v2\/pages\/51\/revisions"}],"predecessor-version":[{"id":798,"href":"https:\/\/jakosc.wznj.umg.edu.pl\/index.php\/wp-json\/wp\/v2\/pages\/51\/revisions\/798"}],"wp:attachment":[{"href":"https:\/\/jakosc.wznj.umg.edu.pl\/index.php\/wp-json\/wp\/v2\/media?parent=51"}],"curies":[{"name":"wp","href":"https:\/\/api.w.org\/{rel}","templated":true}]}}