{"id":6,"date":"2019-12-27T00:23:03","date_gmt":"2019-12-26T23:23:03","guid":{"rendered":"https:\/\/jakosc.wpit.umg.edu.pl\/?page_id=6"},"modified":"2024-11-13T08:44:13","modified_gmt":"2024-11-13T07:44:13","slug":"home","status":"publish","type":"page","link":"https:\/\/jakosc.wznj.umg.edu.pl\/","title":{"rendered":"Strona g\u0142\u00f3wna"},"content":{"rendered":"<p>Szanowni Pa\u0144stwo,<\/p>\n<p>&nbsp;<\/p>\n<p style=\"text-align: center;\">w imieniu Komitetu Naukowego i Organizacyjnego pragniemy zaprosi\u0107 Pa\u0144stwa do udzia\u0142u<br \/>\nw XII Mi\u0119dzynarodowej Konferencji z cyklu<\/p>\n<p style=\"text-align: center;\"><strong>Rola towaroznawstwa w zarz\u0105dzaniu jako\u015bci\u0105 w warunkach gospodarki opartej na wiedzy<\/strong><\/p>\n<p style=\"text-align: center;\">Konferencja odb\u0119dzie si\u0119 w dniach<strong> 4-6 czerwca 2025 roku<br \/>\n<\/strong>na Wydziale Zarz\u0105dzania i Nauk o Jako\u015bci Uniwersytetu Morskiego w Gdyni.<\/p>\n<p>&nbsp;<\/p>\n<p>Tematyka tej interdyscyplinarnej konferencji b\u0119dzie obejmowa\u0142a:<\/p>\n<ul>\n<li>Innowacyjne materia\u0142y, produkty i technologie<\/li>\n<li>Jako\u015b\u0107 a zarz\u0105dzanie produktem i mark\u0105<\/li>\n<li>Postawy, preferencje i zachowania konsument\u00f3w na rynku<\/li>\n<li>Bezpiecze\u0144stwo i kszta\u0142towanie jako\u015bci \u017cywno\u015bci<\/li>\n<li>Zr\u00f3wnowa\u017cony produkt, zr\u00f3wnowa\u017cona produkcja, zr\u00f3wnowa\u017cona konsumpcja<\/li>\n<li>Gospodarka o obiegu zamkni\u0119tym<\/li>\n<li>Znormalizowane i zintegrowane systemy zarz\u0105dzania w praktyce<\/li>\n<li>Metody i techniki zarz\u0105dzania jako\u015bci\u0105<\/li>\n<\/ul>\n<p>Obszary tematyczne mieszcz\u0105 si\u0119 w dyscyplinach: zarz\u0105dzanie i nauki o jako\u015bci oraz technologia \u017cywno\u015bci i \u017cywienia.<\/p>\n<p>Przewidujemy wydanie monografii \u201eThe role of commodity science in quality management in a knowledge-based economy\u201d (20 pkt. za rozdzia\u0142) oraz opublikowanie najlepszych manuskrypt\u00f3w w Zeszytach Naukowych Uniwersytetu Morskiego w Gdyni (40 pkt.) oraz w czasopi\u015bmie \u017bYWNO\u015a\u0106. Nauka. Technologia. Jako\u015b\u0107 (20 pkt.). Manuskrypty do Zeszyt\u00f3w Naukowych i czasopisma zostan\u0105 wybrane przez Komitet Naukowy na podstawie recenzji. Manuskrypty nale\u017cy przygotowa\u0107 w j\u0119zyku angielskim.<\/p>\n<p>Konferencja pozwoli na wymian\u0119 do\u015bwiadcze\u0144 naukowych i tym samym da jej uczestnikom szerokie mo\u017cliwo\u015bci rozwoju naukowego, poprzez liczne kontakty z przedstawicielami innych o\u015brodk\u00f3w badawczych oraz wzajemn\u0105 inspiracj\u0119 uczestnik\u00f3w. Serdecznie zapraszamy do udzia\u0142u w tym wydarzeniu.<\/p>\n<p>&nbsp;<\/p>\n<p style=\"text-align: right;\">Z wyrazami szacunku,<br \/>\ndr in\u017c. Agnieszka Palka<br \/>\nPrzewodnicz\u0105ca Komitetu Organizacyjnego<\/p>\n","protected":false},"excerpt":{"rendered":"<p>Szanowni Pa\u0144stwo, &nbsp; w imieniu Komitetu Naukowego i Organizacyjnego pragniemy zaprosi\u0107 Pa\u0144stwa do udzia\u0142u w XII Mi\u0119dzynarodowej Konferencji z cyklu Rola towaroznawstwa w zarz\u0105dzaniu jako\u015bci\u0105 w warunkach gospodarki opartej na wiedzy Konferencja odb\u0119dzie si\u0119 w dniach 4-6 czerwca 2025 roku na Wydziale Zarz\u0105dzania i Nauk o Jako\u015bci Uniwersytetu Morskiego w Gdyni. &nbsp; Tematyka tej interdyscyplinarnej&hellip;<\/p>\n","protected":false},"author":1,"featured_media":0,"parent":0,"menu_order":0,"comment_status":"closed","ping_status":"closed","template":"","meta":{"footnotes":""},"_links":{"self":[{"href":"https:\/\/jakosc.wznj.umg.edu.pl\/index.php\/wp-json\/wp\/v2\/pages\/6"}],"collection":[{"href":"https:\/\/jakosc.wznj.umg.edu.pl\/index.php\/wp-json\/wp\/v2\/pages"}],"about":[{"href":"https:\/\/jakosc.wznj.umg.edu.pl\/index.php\/wp-json\/wp\/v2\/types\/page"}],"author":[{"embeddable":true,"href":"https:\/\/jakosc.wznj.umg.edu.pl\/index.php\/wp-json\/wp\/v2\/users\/1"}],"replies":[{"embeddable":true,"href":"https:\/\/jakosc.wznj.umg.edu.pl\/index.php\/wp-json\/wp\/v2\/comments?post=6"}],"version-history":[{"count":82,"href":"https:\/\/jakosc.wznj.umg.edu.pl\/index.php\/wp-json\/wp\/v2\/pages\/6\/revisions"}],"predecessor-version":[{"id":733,"href":"https:\/\/jakosc.wznj.umg.edu.pl\/index.php\/wp-json\/wp\/v2\/pages\/6\/revisions\/733"}],"wp:attachment":[{"href":"https:\/\/jakosc.wznj.umg.edu.pl\/index.php\/wp-json\/wp\/v2\/media?parent=6"}],"curies":[{"name":"wp","href":"https:\/\/api.w.org\/{rel}","templated":true}]}}